{"id":117,"date":"2019-10-14T15:51:47","date_gmt":"2019-10-14T15:51:47","guid":{"rendered":"http:\/\/iancushing.de\/?page_id=117"},"modified":"2019-12-03T07:42:04","modified_gmt":"2019-12-03T07:42:04","slug":"specials","status":"publish","type":"page","link":"https:\/\/iancushing.de\/?page_id=117","title":{"rendered":"Specials"},"content":{"rendered":"\n<ul class=\"lcp_catlist\" id=\"lcp_instance_0\"><li><a href=\"https:\/\/iancushing.de\/?p=5364\">12\/2025 \u2013 Jahresr\u00fcckblick<\/a><\/li><li><a href=\"https:\/\/iancushing.de\/?p=5280\">01\/2025 &#8211; Cushings Stammtisch (09 &#8211; POLITIK)<\/a><\/li><li><a href=\"https:\/\/iancushing.de\/?p=5244\">12\/2024 \u2013 Cushings Stammtisch (08 \u2013 JAHRESR\u00dcCKBLICK)<\/a><\/li><li><a href=\"https:\/\/iancushing.de\/?p=5233\">11\/2024 \u2013 Cushings Stammtisch (07 \u2013 COVER)<\/a><\/li><li><a href=\"https:\/\/iancushing.de\/?p=5228\">09\/2024 \u2013 Cushings Stammtisch (06 \u2013 PSEUDONYM)<\/a><\/li><li><a href=\"https:\/\/iancushing.de\/?p=5221\">08\/2024 \u2013 Cushings Stammtisch (05 \u2013 K\u00dcNSTLICHE INTELLIGENZ)<\/a><\/li><li><a href=\"https:\/\/iancushing.de\/?p=5166\">07\/2024 &#8211; Cushings Stammtisch (04 &#8211; PLOTTEN)<\/a><\/li><li><a href=\"https:\/\/iancushing.de\/?p=5160\">06\/2024 &#8211; Cushings Stammtisch (03 \u2013 MOTIVATION)<\/a><\/li><li><a href=\"https:\/\/iancushing.de\/?p=5149\">05\/2024 &#8211; Cushings Stammtisch (02 &#8211; WAS ICH BIN)<\/a><\/li><li><a href=\"https:\/\/iancushing.de\/?p=5137\">05\/2024 &#8211; Cushings Stammtisch (01 &#8211; SOCIAL MEDIA)<\/a><\/li><li><a href=\"https:\/\/iancushing.de\/?p=5133\">05\/2024 &#8211; Cushings Stammtisch (00 &#8211; EINLADUNG)<\/a><\/li><li><a href=\"https:\/\/iancushing.de\/?p=5070\">10\/2023 &#8211; Zuckerperlen? Zuckerperlen!<\/a><\/li><li><a href=\"https:\/\/iancushing.de\/?p=5038\">09\/2023 &#8211; Beitrag No. 400 &#8211; Projekt \u00bbDlgT\u00ab<\/a><\/li><li><a href=\"https:\/\/iancushing.de\/?p=4899\">04\/2023 &#8211; MISSION: LICHTBRINGER &#8211; Kompakt<\/a><\/li><li><a href=\"https:\/\/iancushing.de\/?p=3663\">12\/2021 &#8211; Ein kurzer R\u00fcck- und ausf\u00fchrlicher Ausblick [Ein Selbstgespr\u00e4ch]<\/a><\/li><li><a href=\"https:\/\/iancushing.de\/?p=3606\">09\/2021 &#8211; Von Bling-Bling-Bloggern und dem Kleinkrieg &#8222;Verlagsbuch vs. Selfpublishing&#8220;<\/a><\/li><li><a href=\"https:\/\/iancushing.de\/?p=1227\">12\/2020 &#8211; Strange days in many ways &#8211; Jahresr\u00fcckblick 2020 [in eigener Sache]<\/a><\/li><li><a href=\"https:\/\/iancushing.de\/?p=1180\">09\/2020 &#8211; GeDANKEn zur Skoutz-Shortlist 2020 [in eigener Sache]<\/a><\/li><li><a href=\"https:\/\/iancushing.de\/?p=899\">08\/2020 &#8211; Behind the Scenes &#8211; \u00bbAbsorption\u00ab [in eigener Sache]<\/a><\/li><li><a href=\"https:\/\/iancushing.de\/?p=880\">07\/2020 &#8211; Zu Besuch bei &#8230; (Skoutz)<\/a><\/li><li><a href=\"https:\/\/iancushing.de\/?p=775\">06\/2020 &#8211; Buchvorstellung beim Skoutz-Award \/ Midlist Horror 2020 (Skoutz)<\/a><\/li><li><a href=\"https:\/\/iancushing.de\/?p=569\">03\/2020 &#8211; Behind the Scenes &#8211; \u00bbDer Erl\u00f6ser\u00ab [in eigener Sache]<\/a><\/li><li><a href=\"https:\/\/iancushing.de\/?p=623\">02\/2020 &#8211; Autorenvorstellung (Dark Owl)<\/a><\/li><li><a href=\"https:\/\/iancushing.de\/?p=601\">02\/2020 &#8211; Interview (De Bichergeck)<\/a><\/li><li><a href=\"https:\/\/iancushing.de\/?p=512\">12\/2019 &#8211; Der gro\u00dfe Jahresr\u00fcckblick 2019 [in eigener Sache]<\/a><\/li><li><a href=\"https:\/\/iancushing.de\/?p=510\">12\/2019 &#8211; Top Ten Thursday 26.12.2019 &#8211; 10 AutorInnen, die Du dieses Jahr kennen gelernt hast und ihre B\u00fccher (Phantastische Fluchten)<\/a><\/li><li><a href=\"https:\/\/iancushing.de\/?p=445\">11\/2019 &#8211; Novemberkalender (Danis kleine B\u00fccherwelt)<\/a><\/li><li><a href=\"https:\/\/iancushing.de\/?p=393\">10\/2019 &#8211; Top Ten Thursday 24.10.2019 &#8211; B\u00fccher mit vorwiegend schwarzem Cover (Phantastische Fluchten)<\/a><\/li><li><a href=\"https:\/\/iancushing.de\/?p=132\">10\/2019 &#8211; Autorenvorstellung (Danis kleine B\u00fccherwelt)<\/a><\/li><li><a href=\"https:\/\/iancushing.de\/?p=129\">10\/2019 &#8211; Daily (Addicted2Books)<\/a><\/li><li><a href=\"https:\/\/iancushing.de\/?p=124\">04\/2019 &#8211; Das Verh\u00f6r (Blog der Bucheule)<\/a><\/li><li><a href=\"https:\/\/iancushing.de\/?p=654\">02\/2019 &#8211; 20 Fakten (Mrs. Scarbooks)<\/a><\/li><li><a href=\"https:\/\/iancushing.de\/?p=452\">01\/2019 &#8211; WARNING-Tape Box [in eigener Sache]<\/a><\/li><\/ul>\n","protected":false},"excerpt":{"rendered":"","protected":false},"author":1,"featured_media":0,"parent":0,"menu_order":0,"comment_status":"closed","ping_status":"closed","template":"","meta":{"footnotes":""},"class_list":["post-117","page","type-page","status-publish","hentry"],"_links":{"self":[{"href":"https:\/\/iancushing.de\/index.php?rest_route=\/wp\/v2\/pages\/117","targetHints":{"allow":["GET"]}}],"collection":[{"href":"https:\/\/iancushing.de\/index.php?rest_route=\/wp\/v2\/pages"}],"about":[{"href":"https:\/\/iancushing.de\/index.php?rest_route=\/wp\/v2\/types\/page"}],"author":[{"embeddable":true,"href":"https:\/\/iancushing.de\/index.php?rest_route=\/wp\/v2\/users\/1"}],"replies":[{"embeddable":true,"href":"https:\/\/iancushing.de\/index.php?rest_route=%2Fwp%2Fv2%2Fcomments&post=117"}],"version-history":[{"count":10,"href":"https:\/\/iancushing.de\/index.php?rest_route=\/wp\/v2\/pages\/117\/revisions"}],"predecessor-version":[{"id":482,"href":"https:\/\/iancushing.de\/index.php?rest_route=\/wp\/v2\/pages\/117\/revisions\/482"}],"wp:attachment":[{"href":"https:\/\/iancushing.de\/index.php?rest_route=%2Fwp%2Fv2%2Fmedia&parent=117"}],"curies":[{"name":"wp","href":"https:\/\/api.w.org\/{rel}","templated":true}]}}