{"id":490,"date":"2019-12-04T17:49:06","date_gmt":"2019-12-04T17:49:06","guid":{"rendered":"http:\/\/iancushing.de\/?page_id=490"},"modified":"2020-10-02T06:39:04","modified_gmt":"2020-10-02T06:39:04","slug":"rezensionen-anderer-buecher","status":"publish","type":"page","link":"https:\/\/iancushing.de\/?page_id=490","title":{"rendered":"Meine Gedanken zu B\u00fcchern anderer Autoren"},"content":{"rendered":"\n<p><strong>Willkommen!<\/strong><\/p>\n\n\n\n<p>Hier findet Ihr meine Gedanken \u00fcber B\u00fccher von <strong>Selfpublishern<\/strong> und <strong>Autoren in Klein(st)verlagen<\/strong>. Ich nenne es bewusst nicht Rezensionen (oder versuche den Begriff zu meiden), denn daf\u00fcr gibt es die Profis unter Euch. <br>Ich beschr\u00e4nke mich dabei auf diese Zielgruppe, da die gro\u00dfen Publikumsverlage ihre Aufmerksamkeit sicher haben und meine Worte garantiert nicht ben\u00f6tigen und im Gegenzug viele Selfpublisher viel mehr Aufmerksamkeit verdient haben. <\/p>\n\n\n\n<p>Ich bin selbstredend kein Literaturprofessor und schreibe ausschlie\u00dflich als Leser meine Gedanken auf, auch wenn ich als Hobbyautor manchmal auf spezielle Details achte, die einem Autoren eher auffallen und von denen ich wei\u00df, wie viel Mut, Liebe, Leidenschaft, Blut, Schwei\u00df und Tr\u00e4nen dahinterstecken.<\/p>\n\n\n\n<p>Das Niederschreiben meiner Gedanken geschieht vollkommen freiwillig, ohne Hintergedanken und ich erwarte nat\u00fcrlich keine Gegenleistung. Weder will ich mir eine Gef\u00e4lligkeitsrezension erschleichen noch will ich mich f\u00fcr eine guten Rezension bedanken. Ich denke, wenn man seine Meinung \u00f6ffentlich pr\u00e4sentiert, muss man sich an seinen Worten auch messen lassen k\u00f6nnen und daher werdet Ihr hier nur meine aufrichtige Meinung lesen k\u00f6nnen. <\/p>\n\n\n\n<p>Da meine Freizeit arg begrenzt ist (und es davon eh viel zu wenig gibt!), opfere ich meine Zeit selbstredend nicht f\u00fcr B\u00fccher bzw. deren Rezensionen, die mich nicht ber\u00fchren, begeistern und bestens unterhalten. Das ist der Vorteil, wenn man sowas freiwillig und ohne Verpflichtung machen darf. <br><em>(Was im Umkehrschluss nicht hei\u00dfen muss, dass, falls ein Buch hier nicht auftaucht, obwohl ich es gelesen habe, es mich nicht mitgerissen hat! Aber Ihr wisst schon: Zeit und so &#8230;)<\/em><\/p>\n\n\n\n<p>Ich m\u00f6chte Euch diese B\u00fccher hier vorstellen, weil sie f\u00fcr mich ganz pers\u00f6nlich gro\u00dfartige B\u00fccher sind, mich aus verschiedenen Gr\u00fcnden begeistert haben und ich dazu neige, so etwas auch entsprechend zu feiern! Das Selfpublisher-Universum ist riesig und ich halte es f\u00fcr wichtig, dass man besonderen B\u00fcchern, die einem etwas bedeuten, auch versucht, etwas Aufmerksamkeit zu verschaffen. <\/p>\n\n\n\n<p>Und nun: hereinspaziert! Schaut Euch um und hoffentlich entdeckt Ihr das eine oder andere Buch f\u00fcr Euch! <\/p>\n\n\n\n<p>Meine Gedanken zu den B\u00fcchern ver\u00f6ffentliche ich ebenfalls auf <a href=\"http:\/\/www.lovelybooks.de\">Lovelybooks<\/a> und auf <a href=\"http:\/\/www.amazon.de\" data-type=\"URL\" data-id=\"www.amazon.de\">Amazon<\/a>.<\/p>\n\n\n\n<ul class=\"lcp_catlist\" id=\"lcp_instance_0\"><li><a href=\"https:\/\/iancushing.de\/?p=496\">Alexander Wolf &#8211; Sinnbild<\/a><\/li><li><a href=\"https:\/\/iancushing.de\/?p=505\">Alexander Wolf \u2013 Sinnbild \/ Fortsetzung<\/a><\/li><li><a href=\"https:\/\/iancushing.de\/?p=778\">Dominik A. Meier &#8211; Doppelwelt<\/a><\/li><li><a href=\"https:\/\/iancushing.de\/?p=1186\">Hagen Thiele &#8211; Die Pflicht<\/a><\/li><li><a href=\"https:\/\/iancushing.de\/?p=677\">Ilona Arfaoui &#8211; Der Hexenmeister, die Macht und die Finsternis<\/a><\/li><li><a href=\"https:\/\/iancushing.de\/?p=558\">Ilona Arfaoui &#8211; Der K\u00f6nig der Schatten<\/a><\/li><li><a href=\"https:\/\/iancushing.de\/?p=4237\">Ilona Arfaoui &#8211; Die Anderen<\/a><\/li><li><a href=\"https:\/\/iancushing.de\/?p=5128\">Ilona Arfaoui \u2013 Die Kinder der Nacht<\/a><\/li><li><a href=\"https:\/\/iancushing.de\/?p=1032\">L. A. Gunn &#8211; London&#8217;s Lost<\/a><\/li><li><a href=\"https:\/\/iancushing.de\/?p=1035\">Leif Inselmann &#8211; Asiras<\/a><\/li><li><a href=\"https:\/\/iancushing.de\/?p=5102\">Markus Heitkamp (Hrsg.) \u2013 German Kaiju \/ Operation M.E.L.B.A. \/ VerDAMNt!<\/a><\/li><li><a href=\"https:\/\/iancushing.de\/?p=1365\">Michael Leuchtenberger \u2013 Caspars Schatten<\/a><\/li><li><a href=\"https:\/\/iancushing.de\/?p=5044\">Michael Leuchtenberger \u2013 Die Empf\u00e4nger<\/a><\/li><li><a href=\"https:\/\/iancushing.de\/?p=5240\">Michael Leuchtenberger \u2013 Pfad ins Dunkel<\/a><\/li><li><a href=\"https:\/\/iancushing.de\/?p=5211\">Michael P. Kraus \u2013 Ragins Reisen: Das Grauen im Forsthaus<\/a><\/li><li><a href=\"https:\/\/iancushing.de\/?p=499\">Miriam Sch\u00e4fer \u2013 Das Fehlen des Fl\u00fcsterns im Wind<\/a><\/li><li><a href=\"https:\/\/iancushing.de\/?p=4216\">Monika Loerchner \u2013 Die Tote in der Tr\u00e4nenburg<\/a><\/li><li><a href=\"https:\/\/iancushing.de\/?p=3564\">Nicole Siemer \u2013 Akuma<\/a><\/li><li><a href=\"https:\/\/iancushing.de\/?p=679\">Paola Baldin &#8211; Fremde Heimat<\/a><\/li><li><a href=\"https:\/\/iancushing.de\/?p=503\">Paola Baldin \u2013 Bionic Soul<\/a><\/li><li><a href=\"https:\/\/iancushing.de\/?p=501\">Paola Baldin \u2013 Die Bl\u00fcten meiner Schuld<\/a><\/li><li><a href=\"https:\/\/iancushing.de\/?p=2227\">Paola Baldin \u2013 Rotten Hearts<\/a><\/li><li><a href=\"https:\/\/iancushing.de\/?p=3167\">S. Sagenroth &#8211; A. S. Tory: Roadmovie um die Suche nach einer alten Single<\/a><\/li><li><a href=\"https:\/\/iancushing.de\/?p=5025\">S. Sagenroth &#8211; Monsieur Lucile und die Suche nach dem Gl\u00fcck<\/a><\/li><li><a href=\"https:\/\/iancushing.de\/?p=4890\">Sebastian Radu Gro\u00df \u2013 Dornenpfade<\/a><\/li><li><a href=\"https:\/\/iancushing.de\/?p=1221\">Steffi Frei &#8211; Schicksal der Fearane: Die letzte Tiare (Band 1)<\/a><\/li><li><a href=\"https:\/\/iancushing.de\/?p=1416\">Steffi Frei \u2013 Schicksal der Fearane: Feder und Metall (Band 2)<\/a><\/li><li><a href=\"https:\/\/iancushing.de\/?p=2064\">Steffi Frei \u2013 Schicksal der Fearane: Kristallseele (Band 3)<\/a><\/li><li><a href=\"https:\/\/iancushing.de\/?p=5373\">Thomas Williams &#8211; Todeskampf der Megabestien (German Kaiju)<\/a><\/li><li><a href=\"https:\/\/iancushing.de\/?p=1171\">Virginia Anemona &#8211; Ajena und der Wasserperlenbaum<\/a><\/li><li><a href=\"https:\/\/iancushing.de\/?p=5021\">Virginia Anemona &#8211; Der Mann, dessen Badewanne im Garten steht<\/a><\/li><\/ul>\n","protected":false},"excerpt":{"rendered":"<p>Willkommen! Hier findet Ihr meine Gedanken \u00fcber B\u00fccher von Selfpublishern und Autoren in Klein(st)verlagen. Ich nenne es bewusst nicht Rezensionen (oder versuche den Begriff zu meiden), denn daf\u00fcr gibt es die Profis unter Euch. Ich beschr\u00e4nke mich dabei auf diese Zielgruppe, da die gro\u00dfen Publikumsverlage ihre Aufmerksamkeit sicher haben und meine Worte garantiert nicht ben\u00f6tigen [&hellip;]<\/p>\n","protected":false},"author":1,"featured_media":0,"parent":0,"menu_order":0,"comment_status":"closed","ping_status":"closed","template":"","meta":{"footnotes":""},"class_list":["post-490","page","type-page","status-publish","hentry"],"_links":{"self":[{"href":"https:\/\/iancushing.de\/index.php?rest_route=\/wp\/v2\/pages\/490","targetHints":{"allow":["GET"]}}],"collection":[{"href":"https:\/\/iancushing.de\/index.php?rest_route=\/wp\/v2\/pages"}],"about":[{"href":"https:\/\/iancushing.de\/index.php?rest_route=\/wp\/v2\/types\/page"}],"author":[{"embeddable":true,"href":"https:\/\/iancushing.de\/index.php?rest_route=\/wp\/v2\/users\/1"}],"replies":[{"embeddable":true,"href":"https:\/\/iancushing.de\/index.php?rest_route=%2Fwp%2Fv2%2Fcomments&post=490"}],"version-history":[{"count":14,"href":"https:\/\/iancushing.de\/index.php?rest_route=\/wp\/v2\/pages\/490\/revisions"}],"predecessor-version":[{"id":1204,"href":"https:\/\/iancushing.de\/index.php?rest_route=\/wp\/v2\/pages\/490\/revisions\/1204"}],"wp:attachment":[{"href":"https:\/\/iancushing.de\/index.php?rest_route=%2Fwp%2Fv2%2Fmedia&parent=490"}],"curies":[{"name":"wp","href":"https:\/\/api.w.org\/{rel}","templated":true}]}}